{"id":65,"date":"2024-06-09T10:19:42","date_gmt":"2024-06-09T10:19:42","guid":{"rendered":"https:\/\/themexriver.com\/wp\/logistify\/?page_id=65"},"modified":"2026-02-27T18:28:04","modified_gmt":"2026-02-27T18:28:04","slug":"contacto","status":"publish","type":"page","link":"https:\/\/lmpowertrainparts.com\/es\/contacto\/","title":{"rendered":"Contacto"},"content":{"rendered":"\t\t<div data-elementor-type=\"wp-page\" data-elementor-id=\"65\" class=\"elementor elementor-65\" data-elementor-post-type=\"page\">\n\t\t\t\t<div class=\"elementor-element elementor-element-7d4b740 e-con-full e-flex e-con e-parent\" data-id=\"7d4b740\" data-element_type=\"container\" data-e-type=\"container\" data-settings=\"{&quot;background_background&quot;:&quot;gradient&quot;}\">\n\t\t\t\t<div class=\"elementor-element elementor-element-b7cebdd elementor-widget elementor-widget-template\" data-id=\"b7cebdd\" data-element_type=\"widget\" data-e-type=\"widget\" data-widget_type=\"template.default\">\n\t\t\t\t<div class=\"elementor-widget-container\">\n\t\t\t\t\t\t\t<div class=\"elementor-template\">\n\t\t\t\t\t<div data-elementor-type=\"container\" data-elementor-id=\"5510\" class=\"elementor elementor-5510\" data-elementor-post-type=\"elementor_library\">\n\t\t\t\t<div class=\"elementor-element elementor-element-e58bb79 e-con-full e-flex e-con e-parent\" data-id=\"e58bb79\" data-element_type=\"container\" data-e-type=\"container\">\n\t\t<div class=\"elementor-element elementor-element-847af27 e-con-full e-flex e-con e-child\" data-id=\"847af27\" data-element_type=\"container\" data-e-type=\"container\" data-settings=\"{&quot;background_background&quot;:&quot;classic&quot;}\">\n\t\t\t\t<div class=\"elementor-element elementor-element-e9f9ad1 elementor-widget elementor-widget-tx_heading elh-el tx_heading\" data-id=\"e9f9ad1\" data-element_type=\"widget\" data-e-type=\"widget\" data-settings=\"{&quot;design_style&quot;:&quot;style_6&quot;}\" data-widget_type=\"tx_heading.default\">\n\t\t\t\t<div class=\"elementor-widget-container\">\n\t\t\t\t\t\r\n<div class=\"laa-features-1-scn-title text-center\">\r\n\r\n        <h5 class=\"laa-subtitle-1 hero-subtitle tx-subTitle\"><\/h5>\r\n    \r\n    <h2 class=\"tx-title laa-scn-title-1 has-clr-white txaa-split-text-3 txaa-split-text-3-ani\"><\/h2>\r\n    <\/div>\t\t\t\t<\/div>\n\t\t\t\t<\/div>\n\t\t\t\t<\/div>\n\t\t<div class=\"elementor-element elementor-element-195c78e e-con-full e-grid e-con e-child\" data-id=\"195c78e\" data-element_type=\"container\" data-e-type=\"container\">\n\t\t<div class=\"elementor-element elementor-element-a50840a e-con-full e-flex e-con e-child\" data-id=\"a50840a\" data-element_type=\"container\" data-e-type=\"container\" data-settings=\"{&quot;background_background&quot;:&quot;classic&quot;}\">\n\t\t<div class=\"elementor-element elementor-element-9952c24 e-con-full show-on-hover e-flex e-con e-child\" data-id=\"9952c24\" data-element_type=\"container\" data-e-type=\"container\">\n\t\t\t\t<div class=\"elementor-element elementor-element-a2a0b73 elementor-widget__width-inherit e-transform elementor-widget elementor-widget-heading\" data-id=\"a2a0b73\" data-element_type=\"widget\" data-e-type=\"widget\" data-settings=\"{&quot;_transform_scale_effect_hover&quot;:{&quot;unit&quot;:&quot;px&quot;,&quot;size&quot;:1.05,&quot;sizes&quot;:[]},&quot;_transform_scale_effect_hover_tablet&quot;:{&quot;unit&quot;:&quot;px&quot;,&quot;size&quot;:&quot;&quot;,&quot;sizes&quot;:[]},&quot;_transform_scale_effect_hover_mobile&quot;:{&quot;unit&quot;:&quot;px&quot;,&quot;size&quot;:&quot;&quot;,&quot;sizes&quot;:[]}}\" data-widget_type=\"heading.default\">\n\t\t\t\t\t<h3 class=\"elementor-heading-title elementor-size-default\"><a href=\"https:\/\/lmpowertrainparts.com\/es\/manual-de-piezas\/\">Miner\u00eda<\/a><\/h3>\t\t\t\t<\/div>\n\t\t\t\t<\/div>\n\t\t\t\t<\/div>\n\t\t<div class=\"elementor-element elementor-element-39a3580 e-con-full e-flex e-con e-child\" data-id=\"39a3580\" data-element_type=\"container\" data-e-type=\"container\" data-settings=\"{&quot;background_background&quot;:&quot;classic&quot;}\">\n\t\t<div class=\"elementor-element elementor-element-2776bf7 e-con-full show-on-hover e-flex e-con e-child\" data-id=\"2776bf7\" data-element_type=\"container\" data-e-type=\"container\">\n\t\t\t\t<div class=\"elementor-element elementor-element-bcb5954 elementor-widget__width-inherit e-transform elementor-widget elementor-widget-heading\" data-id=\"bcb5954\" data-element_type=\"widget\" data-e-type=\"widget\" data-settings=\"{&quot;_transform_scale_effect_hover&quot;:{&quot;unit&quot;:&quot;px&quot;,&quot;size&quot;:1.05,&quot;sizes&quot;:[]},&quot;_transform_scale_effect_hover_tablet&quot;:{&quot;unit&quot;:&quot;px&quot;,&quot;size&quot;:&quot;&quot;,&quot;sizes&quot;:[]},&quot;_transform_scale_effect_hover_mobile&quot;:{&quot;unit&quot;:&quot;px&quot;,&quot;size&quot;:&quot;&quot;,&quot;sizes&quot;:[]}}\" data-widget_type=\"heading.default\">\n\t\t\t\t\t<h3 class=\"elementor-heading-title elementor-size-default\"><a href=\"https:\/\/lmpowertrainparts.com\/es\/manual-de-piezas\/\">Puertos<\/a><\/h3>\t\t\t\t<\/div>\n\t\t\t\t<\/div>\n\t\t\t\t<\/div>\n\t\t<div class=\"elementor-element elementor-element-2a8c896 e-con-full e-flex e-con e-child\" data-id=\"2a8c896\" data-element_type=\"container\" data-e-type=\"container\" data-settings=\"{&quot;background_background&quot;:&quot;classic&quot;}\">\n\t\t<div class=\"elementor-element elementor-element-770d99c e-con-full show-on-hover e-flex e-con e-child\" data-id=\"770d99c\" data-element_type=\"container\" data-e-type=\"container\">\n\t\t\t\t<div class=\"elementor-element elementor-element-7b3b724 elementor-widget__width-inherit e-transform elementor-widget elementor-widget-heading\" data-id=\"7b3b724\" data-element_type=\"widget\" data-e-type=\"widget\" data-settings=\"{&quot;_transform_scale_effect_hover&quot;:{&quot;unit&quot;:&quot;px&quot;,&quot;size&quot;:1.05,&quot;sizes&quot;:[]},&quot;_transform_scale_effect_hover_tablet&quot;:{&quot;unit&quot;:&quot;px&quot;,&quot;size&quot;:&quot;&quot;,&quot;sizes&quot;:[]},&quot;_transform_scale_effect_hover_mobile&quot;:{&quot;unit&quot;:&quot;px&quot;,&quot;size&quot;:&quot;&quot;,&quot;sizes&quot;:[]}}\" data-widget_type=\"heading.default\">\n\t\t\t\t\t<h3 class=\"elementor-heading-title elementor-size-default\"><a href=\"https:\/\/lmpowertrainparts.com\/es\/manual-de-piezas\/\">Construcci\u00f3n<\/a><\/h3>\t\t\t\t<\/div>\n\t\t\t\t<\/div>\n\t\t\t\t<\/div>\n\t\t<div class=\"elementor-element elementor-element-d860e3a e-con-full e-flex e-con e-child\" data-id=\"d860e3a\" data-element_type=\"container\" data-e-type=\"container\" data-settings=\"{&quot;background_background&quot;:&quot;classic&quot;}\">\n\t\t<div class=\"elementor-element elementor-element-6bbac19 e-con-full show-on-hover e-flex e-con e-child\" data-id=\"6bbac19\" data-element_type=\"container\" data-e-type=\"container\">\n\t\t\t\t<div class=\"elementor-element elementor-element-7cc41f9 elementor-widget__width-inherit e-transform elementor-widget elementor-widget-heading\" data-id=\"7cc41f9\" data-element_type=\"widget\" data-e-type=\"widget\" data-settings=\"{&quot;_transform_scale_effect_hover&quot;:{&quot;unit&quot;:&quot;px&quot;,&quot;size&quot;:1.05,&quot;sizes&quot;:[]},&quot;_transform_scale_effect_hover_tablet&quot;:{&quot;unit&quot;:&quot;px&quot;,&quot;size&quot;:&quot;&quot;,&quot;sizes&quot;:[]},&quot;_transform_scale_effect_hover_mobile&quot;:{&quot;unit&quot;:&quot;px&quot;,&quot;size&quot;:&quot;&quot;,&quot;sizes&quot;:[]}}\" data-widget_type=\"heading.default\">\n\t\t\t\t\t<h3 class=\"elementor-heading-title elementor-size-default\"><a href=\"https:\/\/lmpowertrainparts.com\/es\/manual-de-piezas\/\">Silvicultura<\/a><\/h3>\t\t\t\t<\/div>\n\t\t\t\t<\/div>\n\t\t\t\t<\/div>\n\t\t\t\t<\/div>\n\t\t\t\t<\/div>\n\t\t\t\t<\/div>\n\t\t\t\t<\/div>\n\t\t\t\t\t\t<\/div>\n\t\t\t\t<\/div>\n\t\t\t\t<\/div>\n\t\t<div class=\"elementor-element elementor-element-3b74fbb e-flex e-con-boxed e-con e-parent\" data-id=\"3b74fbb\" data-element_type=\"container\" data-e-type=\"container\">\n\t\t\t\t\t<div class=\"e-con-inner\">\n\t\t<div class=\"elementor-element elementor-element-1502ef2 e-con-full e-flex e-con e-child\" data-id=\"1502ef2\" data-element_type=\"container\" data-e-type=\"container\">\n\t\t\t\t<div class=\"elementor-element elementor-element-3bf3acc elementor-widget elementor-widget-tx_contact_info elh-el tx_contact_info\" data-id=\"3bf3acc\" data-element_type=\"widget\" data-e-type=\"widget\" data-settings=\"{&quot;design_style&quot;:&quot;style_4&quot;}\" data-widget_type=\"tx_contact_info.default\">\n\t\t\t\t<div class=\"elementor-widget-container\">\n\t\t\t\t\t<div class=\"log-contact-info-item position-relative\">\r\n\r\n        <span class=\"info-bg position-absolute\">\r\n        <img decoding=\"async\" src=\"https:\/\/lmpowertrainparts.com\/es\/wp-content\/uploads\/2024\/07\/blg11.webp\" alt=\"blg11\">\r\n    <\/span>\r\n    \r\n        <div class=\"inner-icon d-flex align-items-center justify-content-center\">\r\n        <i aria-hidden=\"true\" class=\"far fa-envelope\"><\/i>    <\/div>\r\n        <div class=\"inner-text headline pera-content\">\r\n                <h3>Correo electr\u00f3nico<\/h3>\r\n        \r\n        <p>Parts@landmparts.com<\/p>    <\/div>\r\n<\/div>\t\t\t\t<\/div>\n\t\t\t\t<\/div>\n\t\t\t\t<\/div>\n\t\t<div class=\"elementor-element elementor-element-c78328b e-con-full e-flex e-con e-child\" data-id=\"c78328b\" data-element_type=\"container\" data-e-type=\"container\">\n\t\t\t\t<div class=\"elementor-element elementor-element-9eb0f19 elementor-widget elementor-widget-tx_contact_info elh-el tx_contact_info\" data-id=\"9eb0f19\" data-element_type=\"widget\" data-e-type=\"widget\" data-settings=\"{&quot;design_style&quot;:&quot;style_4&quot;}\" data-widget_type=\"tx_contact_info.default\">\n\t\t\t\t<div class=\"elementor-widget-container\">\n\t\t\t\t\t<div class=\"log-contact-info-item position-relative\">\r\n\r\n        <span class=\"info-bg position-absolute\">\r\n        <img decoding=\"async\" src=\"https:\/\/lmpowertrainparts.com\/es\/wp-content\/uploads\/2024\/07\/blg11.webp\" alt=\"blg11\">\r\n    <\/span>\r\n    \r\n        <div class=\"inner-icon d-flex align-items-center justify-content-center\">\r\n        <i aria-hidden=\"true\" class=\"fas fa-phone-volume\"><\/i>    <\/div>\r\n        <div class=\"inner-text headline pera-content\">\r\n                <h3>Tel\u00e9fono<\/h3>\r\n        \r\n        <p><strong>L\u00ednea gratuita Norteam\u00e9rica<\/strong><br \/>1-800-387-3765<br \/><strong>L\u00ednea directa<\/strong><br \/>905-669-2292<\/p>    <\/div>\r\n<\/div>\t\t\t\t<\/div>\n\t\t\t\t<\/div>\n\t\t\t\t<\/div>\n\t\t<div class=\"elementor-element elementor-element-007aaf3 e-con-full e-flex e-con e-child\" data-id=\"007aaf3\" data-element_type=\"container\" data-e-type=\"container\">\n\t\t\t\t<div class=\"elementor-element elementor-element-5744781 elementor-widget elementor-widget-tx_contact_info elh-el tx_contact_info\" data-id=\"5744781\" data-element_type=\"widget\" data-e-type=\"widget\" data-settings=\"{&quot;design_style&quot;:&quot;style_4&quot;}\" data-widget_type=\"tx_contact_info.default\">\n\t\t\t\t<div class=\"elementor-widget-container\">\n\t\t\t\t\t<div class=\"log-contact-info-item position-relative\">\r\n\r\n        <span class=\"info-bg position-absolute\">\r\n        <img decoding=\"async\" src=\"https:\/\/lmpowertrainparts.com\/es\/wp-content\/uploads\/2024\/07\/blg11.webp\" alt=\"blg11\">\r\n    <\/span>\r\n    \r\n        <div class=\"inner-icon d-flex align-items-center justify-content-center\">\r\n        <i aria-hidden=\"true\" class=\"fas fa-map-marker-alt\"><\/i>    <\/div>\r\n        <div class=\"inner-text headline pera-content\">\r\n                <h3>Ubicaci\u00f3n \/ Direcci\u00f3n<\/h3>\r\n        \r\n        <p><strong>L&amp;M Powertrain Parts Limited<\/strong><br \/>201 Snidercroft Road, Concord<br \/>Ontario, Canad\u00e1 L4K 2J9<\/p>    <\/div>\r\n<\/div>\t\t\t\t<\/div>\n\t\t\t\t<\/div>\n\t\t\t\t<\/div>\n\t\t\t\t\t<\/div>\n\t\t\t\t<\/div>\n\t\t\t\t<section class=\"elementor-section elementor-top-section elementor-element elementor-element-5895bcd elementor-section-boxed elementor-section-height-default elementor-section-height-default\" data-id=\"5895bcd\" data-element_type=\"section\" data-e-type=\"section\">\n\t\t\t\t\t\t<div class=\"elementor-container elementor-column-gap-default\">\n\t\t\t\t\t<div class=\"elementor-column elementor-col-100 elementor-top-column elementor-element elementor-element-33ee867\" data-id=\"33ee867\" data-element_type=\"column\" data-e-type=\"column\">\n\t\t\t<div class=\"elementor-widget-wrap elementor-element-populated\">\n\t\t\t\t<div class=\"elementor-element elementor-element-5532789 e-con-full e-flex e-con e-parent\" data-id=\"5532789\" data-element_type=\"container\" data-e-type=\"container\">\n\t\t\t\t<div class=\"elementor-element elementor-element-e99900c elementor-widget elementor-widget-image\" data-id=\"e99900c\" data-element_type=\"widget\" data-e-type=\"widget\" data-widget_type=\"image.default\">\n\t\t\t\t\t\t\t\t\t\t\t\t\t\t\t<img fetchpriority=\"high\" decoding=\"async\" width=\"2560\" height=\"465\" src=\"https:\/\/lmpowertrainparts.com\/es\/wp-content\/uploads\/2025\/08\/IMG_2240-4.png\" class=\"attachment-full size-full wp-image-4458\" alt=\"\" srcset=\"https:\/\/lmpowertrainparts.com\/es\/wp-content\/uploads\/2025\/08\/IMG_2240-4.png 2560w, https:\/\/lmpowertrainparts.com\/es\/wp-content\/uploads\/2025\/08\/IMG_2240-4-300x54.png 300w, https:\/\/lmpowertrainparts.com\/es\/wp-content\/uploads\/2025\/08\/IMG_2240-4-1024x186.png 1024w, https:\/\/lmpowertrainparts.com\/es\/wp-content\/uploads\/2025\/08\/IMG_2240-4-768x140.png 768w, https:\/\/lmpowertrainparts.com\/es\/wp-content\/uploads\/2025\/08\/IMG_2240-4-1536x279.png 1536w, https:\/\/lmpowertrainparts.com\/es\/wp-content\/uploads\/2025\/08\/IMG_2240-4-2048x372.png 2048w\" sizes=\"(max-width: 2560px) 100vw, 2560px\" \/>\t\t\t\t\t\t\t\t\t\t\t\t\t\t\t<\/div>\n\t\t\t\t<\/div>\n\t\t\t\t<section class=\"elementor-section elementor-inner-section elementor-element elementor-element-c3717d6 elementor-section-full_width elementor-section-height-default elementor-section-height-default\" data-id=\"c3717d6\" data-element_type=\"section\" data-e-type=\"section\" data-settings=\"{&quot;background_background&quot;:&quot;classic&quot;}\">\n\t\t\t\t\t\t<div class=\"elementor-container elementor-column-gap-default\">\n\t\t\t\t\t<div class=\"elementor-column elementor-col-100 elementor-inner-column elementor-element elementor-element-5364ea0\" data-id=\"5364ea0\" data-element_type=\"column\" data-e-type=\"column\">\n\t\t\t<div class=\"elementor-widget-wrap elementor-element-populated\">\n\t\t\t\t\t\t<div class=\"elementor-element elementor-element-c97cc6e elementor-widget elementor-widget-heading\" data-id=\"c97cc6e\" data-element_type=\"widget\" data-e-type=\"widget\" data-widget_type=\"heading.default\">\n\t\t\t\t\t<h2 class=\"elementor-heading-title elementor-size-default\">Cont\u00e1ctenos<\/h2>\t\t\t\t<\/div>\n\t\t\t\t<div class=\"elementor-element elementor-element-1bda457 elementor-widget elementor-widget-heading\" data-id=\"1bda457\" data-element_type=\"widget\" data-e-type=\"widget\" data-widget_type=\"heading.default\">\n\t\t\t\t\t<p class=\"elementor-heading-title elementor-size-default\">Estamos encantados de responder cualquier pregunta que tenga o proporcionarle una cotizaci\u00f3n.\nSimplemente env\u00edenos un mensaje en el formulario a continuaci\u00f3n con cualquier consulta que tenga.<\/p>\t\t\t\t<\/div>\n\t\t\t\t<div class=\"elementor-element elementor-element-ba27e2b elementor-widget elementor-widget-shortcode\" data-id=\"ba27e2b\" data-element_type=\"widget\" data-e-type=\"widget\" data-widget_type=\"shortcode.default\">\n\t\t\t\t\t\t\t<div class=\"elementor-shortcode\">\n<div class=\"wpcf7 no-js\" id=\"wpcf7-f3879-o1\" lang=\"en-US\" dir=\"ltr\" data-wpcf7-id=\"3879\">\n<div class=\"screen-reader-response\"><p role=\"status\" aria-live=\"polite\" aria-atomic=\"true\"><\/p> <ul><\/ul><\/div>\n<form action=\"\/es\/wp-json\/wp\/v2\/pages\/65#wpcf7-f3879-o1\" method=\"post\" class=\"wpcf7-form init\" aria-label=\"Contact form\" novalidate=\"novalidate\" data-status=\"init\">\n<fieldset class=\"hidden-fields-container\"><input type=\"hidden\" name=\"_wpcf7\" value=\"3879\" \/><input type=\"hidden\" name=\"_wpcf7_version\" value=\"6.1.5\" \/><input type=\"hidden\" name=\"_wpcf7_locale\" value=\"en_US\" \/><input type=\"hidden\" name=\"_wpcf7_unit_tag\" value=\"wpcf7-f3879-o1\" \/><input type=\"hidden\" name=\"_wpcf7_container_post\" value=\"0\" \/><input type=\"hidden\" name=\"_wpcf7_posted_data_hash\" value=\"\" \/><input type=\"hidden\" name=\"_wpcf7_recaptcha_response\" value=\"\" \/>\n<\/fieldset>\n<div class=\"log-team-contact-form\">\n    <div class=\"row\">\n        <div class=\"col-lg-6 mt-20\">\n            <span class=\"wpcf7-form-control-wrap\" data-name=\"text-457\"><input size=\"40\" maxlength=\"400\" class=\"wpcf7-form-control wpcf7-text wpcf7-validates-as-required\" aria-required=\"true\" aria-invalid=\"false\" placeholder=\"Nombre\" value=\"\" type=\"text\" name=\"text-457\" \/><\/span>\n        <\/div>\n        <div class=\"col-lg-6 mt-20\">\n            <span class=\"wpcf7-form-control-wrap\" data-name=\"text-458\"><input size=\"40\" maxlength=\"400\" class=\"wpcf7-form-control wpcf7-text wpcf7-validates-as-required\" aria-required=\"true\" aria-invalid=\"false\" placeholder=\"Empresa\" value=\"\" type=\"text\" name=\"text-458\" \/><\/span>\n        <\/div>\n        <div class=\"col-lg-6 mt-20\">\n            <span class=\"wpcf7-form-control-wrap\" data-name=\"tel-457\"><input size=\"40\" maxlength=\"400\" class=\"wpcf7-form-control wpcf7-tel wpcf7-validates-as-required wpcf7-text wpcf7-validates-as-tel\" aria-required=\"true\" aria-invalid=\"false\" placeholder=\"Tel\u00e9fono\" value=\"\" type=\"tel\" name=\"tel-457\" \/><\/span>\n        <\/div>\n        <div class=\"col-lg-6 mt-20\">     \n            <span class=\"wpcf7-form-control-wrap\" data-name=\"email-457\"><input size=\"40\" maxlength=\"400\" class=\"wpcf7-form-control wpcf7-email wpcf7-validates-as-required wpcf7-text wpcf7-validates-as-email\" aria-required=\"true\" aria-invalid=\"false\" placeholder=\"Correo\" value=\"\" type=\"email\" name=\"email-457\" \/><\/span>\n        <\/div>\n        <div class=\"col-lg-12 mt-20\">\n            <span class=\"wpcf7-form-control-wrap\" data-name=\"textarea-530\"><textarea cols=\"40\" rows=\"10\" maxlength=\"2000\" class=\"wpcf7-form-control wpcf7-textarea wpcf7-validates-as-required\" aria-required=\"true\" aria-invalid=\"false\" placeholder=\"Mensaje\" name=\"textarea-530\"><\/textarea><\/span>\n        <\/div>\n        <div class=\"col-lg-12 mt-20\">\n            <div class=\"laa-blog-1-all-btn text-center\">\n\t\t\t\t\t<button type=\"submit\" aria-label=\"submit\" class=\"laa-pr-btn-1\">\n\t\t\t\t\t\t<span class=\"laa-pr-btn-1-left\">\n\t\t\t\t\t\t\t<span class=\"text\" data-back=\"Enviar mensaje\" data-front=\"Enviar mensaje\"><\/span>\n\t\t\t\t\t\t<\/span>\n\t\t\t\t\t\t<span class=\"laa-pr-btn-1-right\">\n\t\t\t\t\t\t\t<span class=\"icon\">\n\t\t\t\t\t\t\t\t<i class=\"fas fa-chevron-right\"><\/i>\n\t\t\t\t\t\t\t\t<i class=\"fas fa-chevron-right\"><\/i>\n\t\t\t\t\t\t\t<\/span>\n\t\t\t\t\t\t<\/span>\n\t\t\t\t\t\t<svg xmlns=\"http:\/\/www.w3.org\/2000\/svg\" version=\"1.1\" width=\"66\" height=\"56\">\n\t\t\t\t\t\t\t<path d=\"M0 0 C18 0 18 0 24 5 C25.2375 6.36125 25.2375 6.36125 26.5 7.75 C29.50931691 10.45838522 30.96747938 11 35 11 C40.56331003 9.41048285 43.23564194 7.07207047 46.73828125 2.5234375 C48 1 48 1 50 0 C55.28 0 60.56 0 66 0 C66 18.48 66 36.96 66 56 C50 56 50 56 44 51 C43.175 50.0925 42.35 49.185 41.5 48.25 C38.49068309 45.54161478 37.03252062 45 33 45 C27.43668997 46.58951715 24.76435806 48.92792953 21.26171875 53.4765625 C20 55 20 55 18 56 C12.06 56 6.12 56 0 56 C0 37.52 0 19.04 0 0 Z \" fill=\"#192C4D\" transform=\"translate(0,0)\"><\/path>\n\t\t\t\t\t\t<\/svg>\n\t\t\t\t\t<\/button>\n\t\t\t\t<\/div>\n        <\/div>\n    <\/div>\n<\/div><div class=\"wpcf7-response-output\" aria-hidden=\"true\"><\/div>\n<\/form>\n<\/div>\n<\/div>\n\t\t\t\t\t\t<\/div>\n\t\t\t\t\t<\/div>\n\t\t<\/div>\n\t\t\t\t\t<\/div>\n\t\t<\/section>\n\t\t\t\t\t<\/div>\n\t\t<\/div>\n\t\t\t\t\t<\/div>\n\t\t<\/section>\n\t\t\t\t<section class=\"elementor-section elementor-top-section elementor-element elementor-element-2631bac elementor-section-full_width elementor-section-height-default elementor-section-height-default\" data-id=\"2631bac\" data-element_type=\"section\" data-e-type=\"section\">\n\t\t\t\t\t\t<div class=\"elementor-container elementor-column-gap-default\">\n\t\t\t\t\t<div class=\"elementor-column elementor-col-100 elementor-top-column elementor-element elementor-element-e45691f\" data-id=\"e45691f\" data-element_type=\"column\" data-e-type=\"column\">\n\t\t\t<div class=\"elementor-widget-wrap elementor-element-populated\">\n\t\t\t\t\t\t<div class=\"elementor-element elementor-element-518e709 elementor-widget elementor-widget-google_maps\" data-id=\"518e709\" data-element_type=\"widget\" data-e-type=\"widget\" data-widget_type=\"google_maps.default\">\n\t\t\t\t\t\t\t<div class=\"elementor-custom-embed\">\n\t\t\t<iframe loading=\"lazy\"\n\t\t\t\t\tsrc=\"https:\/\/maps.google.com\/maps?q=L%20%26%20M%20Powertrain%20Parts&#038;t=m&#038;z=13&#038;output=embed&#038;iwloc=near\"\n\t\t\t\t\ttitle=\"L &amp; M Powertrain Parts\"\n\t\t\t\t\taria-label=\"L &amp; M Powertrain Parts\"\n\t\t\t><\/iframe>\n\t\t<\/div>\n\t\t\t\t\t\t<\/div>\n\t\t\t\t\t<\/div>\n\t\t<\/div>\n\t\t\t\t\t<\/div>\n\t\t<\/section>\n\t\t\t\t<\/div>\n\t\t","protected":false},"excerpt":{"rendered":"<p>Correo electr\u00f3nico Parts@landmparts.com Tel\u00e9fono L\u00ednea gratuita Norteam\u00e9rica1-800-387-3765L\u00ednea directa905-669-2292 Ubicaci\u00f3n \/ Direcci\u00f3n L&amp;M Powertrain Parts Limited201 Snidercroft Road, ConcordOntario, Canad\u00e1 L4K 2J9 Cont\u00e1ctenos Estamos encantados de responder cualquier pregunta que tenga o proporcionarle una cotizaci\u00f3n. Simplemente env\u00edenos un mensaje en el formulario a continuaci\u00f3n con cualquier consulta que tenga.<\/p>\n","protected":false},"author":2,"featured_media":0,"parent":0,"menu_order":0,"comment_status":"closed","ping_status":"closed","template":"elementor_header_footer","meta":{"inline_featured_image":false,"footnotes":""},"class_list":["post-65","page","type-page","status-publish","hentry"],"_links":{"self":[{"href":"https:\/\/lmpowertrainparts.com\/es\/wp-json\/wp\/v2\/pages\/65","targetHints":{"allow":["GET"]}}],"collection":[{"href":"https:\/\/lmpowertrainparts.com\/es\/wp-json\/wp\/v2\/pages"}],"about":[{"href":"https:\/\/lmpowertrainparts.com\/es\/wp-json\/wp\/v2\/types\/page"}],"author":[{"embeddable":true,"href":"https:\/\/lmpowertrainparts.com\/es\/wp-json\/wp\/v2\/users\/2"}],"replies":[{"embeddable":true,"href":"https:\/\/lmpowertrainparts.com\/es\/wp-json\/wp\/v2\/comments?post=65"}],"version-history":[{"count":13,"href":"https:\/\/lmpowertrainparts.com\/es\/wp-json\/wp\/v2\/pages\/65\/revisions"}],"predecessor-version":[{"id":7476,"href":"https:\/\/lmpowertrainparts.com\/es\/wp-json\/wp\/v2\/pages\/65\/revisions\/7476"}],"wp:attachment":[{"href":"https:\/\/lmpowertrainparts.com\/es\/wp-json\/wp\/v2\/media?parent=65"}],"curies":[{"name":"wp","href":"https:\/\/api.w.org\/{rel}","templated":true}]}}