{"id":4419,"date":"2025-08-21T23:31:59","date_gmt":"2025-08-21T23:31:59","guid":{"rendered":"https:\/\/lmpowertrainparts.com\/es\/?page_id=4419"},"modified":"2026-02-27T18:21:42","modified_gmt":"2026-02-27T18:21:42","slug":"ferias-comerciales","status":"publish","type":"page","link":"https:\/\/lmpowertrainparts.com\/es\/ferias-comerciales\/","title":{"rendered":"Ferias comerciales"},"content":{"rendered":"\t\t<div data-elementor-type=\"wp-page\" data-elementor-id=\"4419\" class=\"elementor elementor-4419\" data-elementor-post-type=\"page\">\n\t\t\t\t<div class=\"elementor-element elementor-element-20dedb4 e-con-full e-flex e-con e-parent\" data-id=\"20dedb4\" data-element_type=\"container\" data-e-type=\"container\">\n\t\t<div class=\"elementor-element elementor-element-2ee92f1 e-con-full e-flex e-con e-child\" data-id=\"2ee92f1\" data-element_type=\"container\" data-e-type=\"container\" data-settings=\"{&quot;background_background&quot;:&quot;classic&quot;}\">\n\t\t\t\t<div class=\"elementor-element elementor-element-58ddf2a elementor-widget__width-initial elementor-widget elementor-widget-tx_heading elh-el tx_heading\" data-id=\"58ddf2a\" data-element_type=\"widget\" data-e-type=\"widget\" data-settings=\"{&quot;design_style&quot;:&quot;style_6&quot;}\" data-widget_type=\"tx_heading.default\">\n\t\t\t\t<div class=\"elementor-widget-container\">\n\t\t\t\t\t\r\n<div class=\"laa-features-1-scn-title text-center\">\r\n\r\n        <h5 class=\"laa-subtitle-1 hero-subtitle tx-subTitle\"><\/h5>\r\n    \r\n    <h2 class=\"tx-title laa-scn-title-1 has-clr-white txaa-split-text-3 txaa-split-text-3-ani\"><\/h2>\r\n    <\/div>\t\t\t\t<\/div>\n\t\t\t\t<\/div>\n\t\t\t\t<\/div>\n\t\t<div class=\"elementor-element elementor-element-e4baa58 e-con-full e-grid e-con e-child\" data-id=\"e4baa58\" data-element_type=\"container\" data-e-type=\"container\">\n\t\t<div class=\"elementor-element elementor-element-2ded253 e-con-full e-flex e-con e-child\" data-id=\"2ded253\" data-element_type=\"container\" data-e-type=\"container\" data-settings=\"{&quot;background_background&quot;:&quot;classic&quot;}\">\n\t\t<div class=\"elementor-element elementor-element-c4f5150 e-con-full show-on-hover e-flex e-con e-child\" data-id=\"c4f5150\" data-element_type=\"container\" data-e-type=\"container\">\n\t\t\t\t<div class=\"elementor-element elementor-element-a83f9fe elementor-widget__width-inherit e-transform elementor-widget elementor-widget-heading\" data-id=\"a83f9fe\" data-element_type=\"widget\" data-e-type=\"widget\" data-settings=\"{&quot;_transform_scale_effect_hover&quot;:{&quot;unit&quot;:&quot;px&quot;,&quot;size&quot;:1.05,&quot;sizes&quot;:[]},&quot;_transform_scale_effect_hover_tablet&quot;:{&quot;unit&quot;:&quot;px&quot;,&quot;size&quot;:&quot;&quot;,&quot;sizes&quot;:[]},&quot;_transform_scale_effect_hover_mobile&quot;:{&quot;unit&quot;:&quot;px&quot;,&quot;size&quot;:&quot;&quot;,&quot;sizes&quot;:[]}}\" data-widget_type=\"heading.default\">\n\t\t\t\t\t<h3 class=\"elementor-heading-title elementor-size-default\"><a href=\"https:\/\/lmpowertrainparts.com\/es\/manual-de-piezas\/\">Miner\u00eda<\/a><\/h3>\t\t\t\t<\/div>\n\t\t\t\t<\/div>\n\t\t\t\t<\/div>\n\t\t<div class=\"elementor-element elementor-element-d2cf87a e-con-full e-flex e-con e-child\" data-id=\"d2cf87a\" data-element_type=\"container\" data-e-type=\"container\" data-settings=\"{&quot;background_background&quot;:&quot;classic&quot;}\">\n\t\t<div class=\"elementor-element elementor-element-5a587c5 e-con-full show-on-hover e-flex e-con e-child\" data-id=\"5a587c5\" data-element_type=\"container\" data-e-type=\"container\">\n\t\t\t\t<div class=\"elementor-element elementor-element-f9141da elementor-widget__width-inherit e-transform elementor-widget elementor-widget-heading\" data-id=\"f9141da\" data-element_type=\"widget\" data-e-type=\"widget\" data-settings=\"{&quot;_transform_scale_effect_hover&quot;:{&quot;unit&quot;:&quot;px&quot;,&quot;size&quot;:1.05,&quot;sizes&quot;:[]},&quot;_transform_scale_effect_hover_tablet&quot;:{&quot;unit&quot;:&quot;px&quot;,&quot;size&quot;:&quot;&quot;,&quot;sizes&quot;:[]},&quot;_transform_scale_effect_hover_mobile&quot;:{&quot;unit&quot;:&quot;px&quot;,&quot;size&quot;:&quot;&quot;,&quot;sizes&quot;:[]}}\" data-widget_type=\"heading.default\">\n\t\t\t\t\t<h3 class=\"elementor-heading-title elementor-size-default\"><a href=\"https:\/\/lmpowertrainparts.com\/es\/manual-de-piezas\/\">Puertos<\/a><\/h3>\t\t\t\t<\/div>\n\t\t\t\t<\/div>\n\t\t\t\t<\/div>\n\t\t<div class=\"elementor-element elementor-element-5ed00c8 e-con-full e-flex e-con e-child\" data-id=\"5ed00c8\" data-element_type=\"container\" data-e-type=\"container\" data-settings=\"{&quot;background_background&quot;:&quot;classic&quot;}\">\n\t\t<div class=\"elementor-element elementor-element-401899c e-con-full show-on-hover e-flex e-con e-child\" data-id=\"401899c\" data-element_type=\"container\" data-e-type=\"container\">\n\t\t\t\t<div class=\"elementor-element elementor-element-da64ec0 elementor-widget__width-inherit e-transform elementor-widget elementor-widget-heading\" data-id=\"da64ec0\" data-element_type=\"widget\" data-e-type=\"widget\" data-settings=\"{&quot;_transform_scale_effect_hover&quot;:{&quot;unit&quot;:&quot;px&quot;,&quot;size&quot;:1.05,&quot;sizes&quot;:[]},&quot;_transform_scale_effect_hover_tablet&quot;:{&quot;unit&quot;:&quot;px&quot;,&quot;size&quot;:&quot;&quot;,&quot;sizes&quot;:[]},&quot;_transform_scale_effect_hover_mobile&quot;:{&quot;unit&quot;:&quot;px&quot;,&quot;size&quot;:&quot;&quot;,&quot;sizes&quot;:[]}}\" data-widget_type=\"heading.default\">\n\t\t\t\t\t<h3 class=\"elementor-heading-title elementor-size-default\"><a href=\"https:\/\/lmpowertrainparts.com\/es\/manual-de-piezas\/\">Construcci\u00f3n<\/a><\/h3>\t\t\t\t<\/div>\n\t\t\t\t<\/div>\n\t\t\t\t<\/div>\n\t\t<div class=\"elementor-element elementor-element-d7480b7 e-con-full e-flex e-con e-child\" data-id=\"d7480b7\" data-element_type=\"container\" data-e-type=\"container\" data-settings=\"{&quot;background_background&quot;:&quot;classic&quot;}\">\n\t\t<div class=\"elementor-element elementor-element-abd6522 e-con-full show-on-hover e-flex e-con e-child\" data-id=\"abd6522\" data-element_type=\"container\" data-e-type=\"container\">\n\t\t\t\t<div class=\"elementor-element elementor-element-b0579bd elementor-widget__width-inherit e-transform elementor-widget elementor-widget-heading\" data-id=\"b0579bd\" data-element_type=\"widget\" data-e-type=\"widget\" data-settings=\"{&quot;_transform_scale_effect_hover&quot;:{&quot;unit&quot;:&quot;px&quot;,&quot;size&quot;:1.05,&quot;sizes&quot;:[]},&quot;_transform_scale_effect_hover_tablet&quot;:{&quot;unit&quot;:&quot;px&quot;,&quot;size&quot;:&quot;&quot;,&quot;sizes&quot;:[]},&quot;_transform_scale_effect_hover_mobile&quot;:{&quot;unit&quot;:&quot;px&quot;,&quot;size&quot;:&quot;&quot;,&quot;sizes&quot;:[]}}\" data-widget_type=\"heading.default\">\n\t\t\t\t\t<h3 class=\"elementor-heading-title elementor-size-default\"><a href=\"https:\/\/lmpowertrainparts.com\/es\/manual-de-piezas\/\">Silvicultura<\/a><\/h3>\t\t\t\t<\/div>\n\t\t\t\t<\/div>\n\t\t\t\t<\/div>\n\t\t\t\t<\/div>\n\t\t\t\t<\/div>\n\t\t<div class=\"elementor-element elementor-element-0618a2a e-flex e-con-boxed e-con e-parent\" data-id=\"0618a2a\" data-element_type=\"container\" data-e-type=\"container\">\n\t\t\t\t\t<div class=\"e-con-inner\">\n\t\t<div class=\"elementor-element elementor-element-0754299 e-con-full e-flex e-con e-child\" data-id=\"0754299\" data-element_type=\"container\" data-e-type=\"container\">\n\t\t\t\t<div class=\"elementor-element elementor-element-5acc794 elementor-widget elementor-widget-tx_heading elh-el tx_heading\" data-id=\"5acc794\" data-element_type=\"widget\" data-e-type=\"widget\" data-settings=\"{&quot;design_style&quot;:&quot;style_1&quot;}\" data-widget_type=\"tx_heading.default\">\n\t\t\t\t<div class=\"elementor-widget-container\">\n\t\t\t\t\t<div class=\"log-section-title-1 headline tx-heading-section text-center\">\r\n        <div class=\"subtitle text-uppercase tx-subTitle wow fadeInRight\"\r\n    data-wow-delay=&quot;300ms&quot; data-wow-duration=&quot;1000ms&quot;>\r\n        Ferias comerciales    <\/div>\r\n        <h4 class=\"tx-title section_title  tx-split-text split-in-right\">Pr\u00f3ximos eventos industriales globales\n<\/h4>        <p class=\"tx-description\">\r\n        Una selecci\u00f3n cuidadosamente curada de las principales ferias de Miner\u00eda, Construcci\u00f3n y Puertos\/Manipulaci\u00f3n de materiales en todo el mundo.    <\/p>\r\n    <\/div>\t\t\t\t<\/div>\n\t\t\t\t<\/div>\n\t\t\t\t<div class=\"elementor-element elementor-element-8ec7491 elementor-widget__width-inherit elementor-widget elementor-widget-tx_heading elh-el tx_heading\" data-id=\"8ec7491\" data-element_type=\"widget\" data-e-type=\"widget\" data-settings=\"{&quot;design_style&quot;:&quot;style_6&quot;}\" data-widget_type=\"tx_heading.default\">\n\t\t\t\t<div class=\"elementor-widget-container\">\n\t\t\t\t\t\r\n<div class=\"laa-features-1-scn-title text-center\">\r\n\r\n        <h5 class=\"laa-subtitle-1 hero-subtitle tx-subTitle\"><\/h5>\r\n    \r\n    <h2 class=\"tx-title laa-scn-title-1 has-clr-white txaa-split-text-3 txaa-split-text-3-ani\">CANAD\u00c1<\/h2>\r\n    <\/div>\t\t\t\t<\/div>\n\t\t\t\t<\/div>\n\t\t<div class=\"elementor-element elementor-element-de128d0 e-con-full e-flex e-con e-child\" data-id=\"de128d0\" data-element_type=\"container\" data-e-type=\"container\">\n\t\t<a class=\"elementor-element elementor-element-f19975b e-con-full e-flex e-con e-child\" data-id=\"f19975b\" data-element_type=\"container\" data-e-type=\"container\" data-settings=\"{&quot;background_background&quot;:&quot;classic&quot;}\" href=\"https:\/\/www.pdac.ca\/convention\">\n\t\t\t\t<div class=\"elementor-element elementor-element-31dafdb elementor-widget elementor-widget-tx_heading elh-el tx_heading\" data-id=\"31dafdb\" data-element_type=\"widget\" data-e-type=\"widget\" data-settings=\"{&quot;design_style&quot;:&quot;style_1&quot;}\" data-widget_type=\"tx_heading.default\">\n\t\t\t\t<div class=\"elementor-widget-container\">\n\t\t\t\t\t<div class=\"log-section-title-1 headline tx-heading-section text-left\">\r\n        <div class=\"subtitle text-uppercase tx-subTitle wow \"\r\n    data-wow-delay=&quot;0ms&quot; data-wow-duration=&quot;1ms&quot;>\r\n        \ud83d\udccd Toronto, Canad\u00e1    <\/div>\r\n        <h5 class=\"tx-title section_title  tx-split-text \">PDAC \u2013 Asociaci\u00f3n de Prospectores y Desarrolladores de Canad\u00e1<\/h5>        <p class=\"tx-description\">\r\n        La principal convenci\u00f3n mundial de exploraci\u00f3n minera y miner\u00eda.    <\/p>\r\n    <\/div>\t\t\t\t<\/div>\n\t\t\t\t<\/div>\n\t\t\t\t<\/a>\n\t\t<a class=\"elementor-element elementor-element-6971439 e-con-full e-flex e-con e-child\" data-id=\"6971439\" data-element_type=\"container\" data-e-type=\"container\" data-settings=\"{&quot;background_background&quot;:&quot;classic&quot;}\" href=\"https:\/\/roundup.amebc.ca\/\">\n\t\t\t\t<div class=\"elementor-element elementor-element-9d9d68e elementor-widget elementor-widget-tx_heading elh-el tx_heading\" data-id=\"9d9d68e\" data-element_type=\"widget\" data-e-type=\"widget\" data-settings=\"{&quot;design_style&quot;:&quot;style_1&quot;}\" data-widget_type=\"tx_heading.default\">\n\t\t\t\t<div class=\"elementor-widget-container\">\n\t\t\t\t\t<div class=\"log-section-title-1 headline tx-heading-section text-left\">\r\n        <div class=\"subtitle text-uppercase tx-subTitle wow \"\r\n    data-wow-delay=&quot;0ms&quot; data-wow-duration=&quot;1ms&quot;>\r\n        \ud83d\udccd Vancouver, Canad\u00e1    <\/div>\r\n        <h5 class=\"tx-title section_title  tx-split-text \">AME Roundup<\/h5>        <p class=\"tx-description\">\r\n        Exploraci\u00f3n de recursos, cadena de suministro y servicios mineros.    <\/p>\r\n    <\/div>\t\t\t\t<\/div>\n\t\t\t\t<\/div>\n\t\t\t\t<\/a>\n\t\t<a class=\"elementor-element elementor-element-c0aab0e e-con-full e-flex e-con e-child\" data-id=\"c0aab0e\" data-element_type=\"container\" data-e-type=\"container\" data-settings=\"{&quot;background_background&quot;:&quot;classic&quot;}\" href=\"https:\/\/convention.cim.org\/\">\n\t\t\t\t<div class=\"elementor-element elementor-element-c2425ec elementor-widget elementor-widget-tx_heading elh-el tx_heading\" data-id=\"c2425ec\" data-element_type=\"widget\" data-e-type=\"widget\" data-settings=\"{&quot;design_style&quot;:&quot;style_1&quot;}\" data-widget_type=\"tx_heading.default\">\n\t\t\t\t<div class=\"elementor-widget-container\">\n\t\t\t\t\t<div class=\"log-section-title-1 headline tx-heading-section text-left\">\r\n        <div class=\"subtitle text-uppercase tx-subTitle wow \"\r\n    data-wow-delay=&quot;0ms&quot; data-wow-duration=&quot;1ms&quot;>\r\n        \ud83d\udccd Varias ciudades en Canad\u00e1    <\/div>\r\n        <h5 class=\"tx-title section_title  tx-split-text \">Convenci\u00f3n y Expo CIM<\/h5>        <p class=\"tx-description\">\r\n        Operaciones mineras, equipos, innovaci\u00f3n y suministro.    <\/p>\r\n    <\/div>\t\t\t\t<\/div>\n\t\t\t\t<\/div>\n\t\t\t\t<\/a>\n\t\t<a class=\"elementor-element elementor-element-b7eb5b8 e-con-full e-flex e-con e-child\" data-id=\"b7eb5b8\" data-element_type=\"container\" data-e-type=\"container\" data-settings=\"{&quot;background_background&quot;:&quot;classic&quot;}\" href=\"https:\/\/virtex.canadianminingexpo.com\/\">\n\t\t\t\t<div class=\"elementor-element elementor-element-9eb6fbc elementor-widget elementor-widget-tx_heading elh-el tx_heading\" data-id=\"9eb6fbc\" data-element_type=\"widget\" data-e-type=\"widget\" data-settings=\"{&quot;design_style&quot;:&quot;style_1&quot;}\" data-widget_type=\"tx_heading.default\">\n\t\t\t\t<div class=\"elementor-widget-container\">\n\t\t\t\t\t<div class=\"log-section-title-1 headline tx-heading-section text-left\">\r\n        <div class=\"subtitle text-uppercase tx-subTitle wow \"\r\n    data-wow-delay=&quot;0ms&quot; data-wow-duration=&quot;1ms&quot;>\r\n        \ud83d\udccd Timmins, Ontario    <\/div>\r\n        <h5 class=\"tx-title section_title  tx-split-text \">Expo Canadiense de Miner\u00eda (El Gran Evento)<\/h5>        <p class=\"tx-description\">\r\n        Operaciones mineras, maquinaria pesada y proveedores de piezas.    <\/p>\r\n    <\/div>\t\t\t\t<\/div>\n\t\t\t\t<\/div>\n\t\t\t\t<\/a>\n\t\t\t\t<\/div>\n\t\t\t\t<\/div>\n\t\t\t\t\t<\/div>\n\t\t\t\t<\/div>\n\t\t<div class=\"elementor-element elementor-element-9722806 e-flex e-con-boxed e-con e-parent\" data-id=\"9722806\" data-element_type=\"container\" data-e-type=\"container\">\n\t\t\t\t\t<div class=\"e-con-inner\">\n\t\t<div class=\"elementor-element elementor-element-eb083a7 e-con-full e-flex e-con e-child\" data-id=\"eb083a7\" data-element_type=\"container\" data-e-type=\"container\">\n\t\t\t\t<div class=\"elementor-element elementor-element-5e37f63 elementor-widget__width-inherit elementor-widget elementor-widget-tx_heading elh-el tx_heading\" data-id=\"5e37f63\" data-element_type=\"widget\" data-e-type=\"widget\" data-settings=\"{&quot;design_style&quot;:&quot;style_6&quot;}\" data-widget_type=\"tx_heading.default\">\n\t\t\t\t<div class=\"elementor-widget-container\">\n\t\t\t\t\t\r\n<div class=\"laa-features-1-scn-title text-center\">\r\n\r\n        <h5 class=\"laa-subtitle-1 hero-subtitle tx-subTitle\"><\/h5>\r\n    \r\n    <h2 class=\"tx-title laa-scn-title-1 has-clr-white txaa-split-text-3 txaa-split-text-3-ani\">ESTADOS UNIDOS<\/h2>\r\n    <\/div>\t\t\t\t<\/div>\n\t\t\t\t<\/div>\n\t\t\t\t<\/div>\n\t\t<div class=\"elementor-element elementor-element-348e72b e-con-full e-flex e-con e-child\" data-id=\"348e72b\" data-element_type=\"container\" data-e-type=\"container\">\n\t\t<a class=\"elementor-element elementor-element-be522a1 e-con-full e-flex e-con e-child\" data-id=\"be522a1\" data-element_type=\"container\" data-e-type=\"container\" data-settings=\"{&quot;background_background&quot;:&quot;classic&quot;}\" href=\"https:\/\/www.conexpoconagg.com\">\n\t\t\t\t<div class=\"elementor-element elementor-element-794edde elementor-widget elementor-widget-tx_heading elh-el tx_heading\" data-id=\"794edde\" data-element_type=\"widget\" data-e-type=\"widget\" data-settings=\"{&quot;design_style&quot;:&quot;style_1&quot;}\" data-widget_type=\"tx_heading.default\">\n\t\t\t\t<div class=\"elementor-widget-container\">\n\t\t\t\t\t<div class=\"log-section-title-1 headline tx-heading-section text-left\">\r\n        <div class=\"subtitle text-uppercase tx-subTitle wow \"\r\n    data-wow-delay=&quot;0ms&quot; data-wow-duration=&quot;1ms&quot;>\r\n        \ud83d\udccd Las Vegas    <\/div>\r\n        <h5 class=\"tx-title section_title  tx-split-text \">CONEXPO-CON\/AGG<\/h5>        <p class=\"tx-description\">\r\n        La mayor feria de construcci\u00f3n y maquinaria pesada en Norteam\u00e9rica.    <\/p>\r\n    <\/div>\t\t\t\t<\/div>\n\t\t\t\t<\/div>\n\t\t\t\t<\/a>\n\t\t<a class=\"elementor-element elementor-element-f2c2c26 e-con-full e-flex e-con e-child\" data-id=\"f2c2c26\" data-element_type=\"container\" data-e-type=\"container\" data-settings=\"{&quot;background_background&quot;:&quot;classic&quot;}\" href=\"https:\/\/www.minexpo.com\/\">\n\t\t\t\t<div class=\"elementor-element elementor-element-9664460 elementor-widget elementor-widget-tx_heading elh-el tx_heading\" data-id=\"9664460\" data-element_type=\"widget\" data-e-type=\"widget\" data-settings=\"{&quot;design_style&quot;:&quot;style_1&quot;}\" data-widget_type=\"tx_heading.default\">\n\t\t\t\t<div class=\"elementor-widget-container\">\n\t\t\t\t\t<div class=\"log-section-title-1 headline tx-heading-section text-left\">\r\n        <div class=\"subtitle text-uppercase tx-subTitle wow \"\r\n    data-wow-delay=&quot;0ms&quot; data-wow-duration=&quot;1ms&quot;>\r\n        \ud83d\udccd Las Vegas    <\/div>\r\n        <h5 class=\"tx-title section_title  tx-split-text \">MINExpo International<\/h5>        <p class=\"tx-description\">\r\n        Exposici\u00f3n mundial de maquinaria y piezas para miner\u00eda (cada 4 a\u00f1os)    <\/p>\r\n    <\/div>\t\t\t\t<\/div>\n\t\t\t\t<\/div>\n\t\t\t\t<\/a>\n\t\t<a class=\"elementor-element elementor-element-d034a63 e-con-full e-flex e-con e-child\" data-id=\"d034a63\" data-element_type=\"container\" data-e-type=\"container\" data-settings=\"{&quot;background_background&quot;:&quot;classic&quot;}\" href=\"https:\/\/www.smeannualconference.com\/\">\n\t\t\t\t<div class=\"elementor-element elementor-element-5a805bd elementor-widget elementor-widget-tx_heading elh-el tx_heading\" data-id=\"5a805bd\" data-element_type=\"widget\" data-e-type=\"widget\" data-settings=\"{&quot;design_style&quot;:&quot;style_1&quot;}\" data-widget_type=\"tx_heading.default\">\n\t\t\t\t<div class=\"elementor-widget-container\">\n\t\t\t\t\t<div class=\"log-section-title-1 headline tx-heading-section text-left\">\r\n        <div class=\"subtitle text-uppercase tx-subTitle wow \"\r\n    data-wow-delay=&quot;0ms&quot; data-wow-duration=&quot;1ms&quot;>\r\n        \ud83d\udccd Varias ubicaciones en EE.\u202fUU.    <\/div>\r\n        <h5 class=\"tx-title section_title  tx-split-text \">SME Annual Conference &amp; Expo\n<\/h5>        <p class=\"tx-description\">\r\n        Ingenier\u00eda minera, operaciones y proveedores de suministros.    <\/p>\r\n    <\/div>\t\t\t\t<\/div>\n\t\t\t\t<\/div>\n\t\t\t\t<\/a>\n\t\t\t\t<\/div>\n\t\t\t\t\t<\/div>\n\t\t\t\t<\/div>\n\t\t\t\t<\/div>\n\t\t","protected":false},"excerpt":{"rendered":"<p>Miner\u00eda Puertos Construcci\u00f3n Silvicultura Ferias comerciales Pr\u00f3ximos eventos industriales globales Una selecci\u00f3n cuidadosamente curada de las principales ferias de Miner\u00eda, Construcci\u00f3n y Puertos\/Manipulaci\u00f3n de materiales en todo el mundo. CANAD\u00c1 \ud83d\udccd Toronto, Canad\u00e1 PDAC \u2013 Asociaci\u00f3n de Prospectores y Desarrolladores de Canad\u00e1 La principal convenci\u00f3n mundial de exploraci\u00f3n minera y miner\u00eda. \ud83d\udccd Vancouver, Canad\u00e1 AME [&hellip;]<\/p>\n","protected":false},"author":2,"featured_media":0,"parent":0,"menu_order":0,"comment_status":"closed","ping_status":"closed","template":"elementor_header_footer","meta":{"inline_featured_image":false,"footnotes":""},"class_list":["post-4419","page","type-page","status-publish","hentry"],"_links":{"self":[{"href":"https:\/\/lmpowertrainparts.com\/es\/wp-json\/wp\/v2\/pages\/4419","targetHints":{"allow":["GET"]}}],"collection":[{"href":"https:\/\/lmpowertrainparts.com\/es\/wp-json\/wp\/v2\/pages"}],"about":[{"href":"https:\/\/lmpowertrainparts.com\/es\/wp-json\/wp\/v2\/types\/page"}],"author":[{"embeddable":true,"href":"https:\/\/lmpowertrainparts.com\/es\/wp-json\/wp\/v2\/users\/2"}],"replies":[{"embeddable":true,"href":"https:\/\/lmpowertrainparts.com\/es\/wp-json\/wp\/v2\/comments?post=4419"}],"version-history":[{"count":5,"href":"https:\/\/lmpowertrainparts.com\/es\/wp-json\/wp\/v2\/pages\/4419\/revisions"}],"predecessor-version":[{"id":7463,"href":"https:\/\/lmpowertrainparts.com\/es\/wp-json\/wp\/v2\/pages\/4419\/revisions\/7463"}],"wp:attachment":[{"href":"https:\/\/lmpowertrainparts.com\/es\/wp-json\/wp\/v2\/media?parent=4419"}],"curies":[{"name":"wp","href":"https:\/\/api.w.org\/{rel}","templated":true}]}}